{"id":1460,"date":"2022-09-20T13:02:31","date_gmt":"2022-09-20T13:02:31","guid":{"rendered":"https:\/\/100opheto.org\/frontpage\/"},"modified":"2025-07-09T14:30:15","modified_gmt":"2025-07-09T14:30:15","slug":"frontpage","status":"publish","type":"page","link":"https:\/\/100opheto.org\/pap\/","title":{"rendered":"Frontpage"},"content":{"rendered":"<div class=\"wpb-content-wrapper\"><p>[vc_row row_height_percent=&#8221;0&#8243; override_padding=&#8221;yes&#8221; h_padding=&#8221;0&#8243; top_padding=&#8221;0&#8243; bottom_padding=&#8221;2&#8243; overlay_alpha=&#8221;50&#8243; gutter_size=&#8221;3&#8243; column_width_percent=&#8221;100&#8243; shift_y=&#8221;0&#8243; z_index=&#8221;0&#8243; inverted_device_order=&#8221;yes&#8221; el_class=&#8221;inverted-device-order&#8221; uncode_shortcode_id=&#8221;123498&#8243; row_name=&#8221;about&#8221;][vc_column column_width_use_pixel=&#8221;yes&#8221; position_vertical=&#8221;middle&#8221; gutter_size=&#8221;3&#8243; override_padding=&#8221;yes&#8221; column_padding=&#8221;2&#8243; overlay_alpha=&#8221;50&#8243; shift_x=&#8221;0&#8243; shift_y=&#8221;0&#8243; shift_y_down=&#8221;0&#8243; z_index=&#8221;0&#8243; medium_width=&#8221;0&#8243; mobile_width=&#8221;0&#8243; width=&#8221;5\/12&#8243; uncode_shortcode_id=&#8221;170444&#8243; column_width_pixel=&#8221;500&#8243;][vc_empty_space empty_h=&#8221;5&#8243; medium_visibility=&#8221;yes&#8221; mobile_visibility=&#8221;yes&#8221;][vc_custom_heading heading_semantic=&#8221;h3&#8243; text_size=&#8221;h3&#8243; subheading=&#8221;Ku tempu v\u00e1rios memoria i eksperiensia ta keda mar\u00e1 na e ophetonan ku nos ta rondon\u00e1 nos mes kun\u00e9. Asina e ophetonan ta surpas\u00e1 nan funshon inisial. Nan ta apsorb\u00e9 nan propio historia, nan propio narashon, konekt\u00e1 nos ku otro, ku un sierto lug\u00e1, ku tempunan ku a pasa. Di e forma aki, un simpel opheto por bira un relikia ku ta kontest\u00e1 pregunta tokante nos origen i nos identidat.&#8221; uncode_shortcode_id=&#8221;184480&#8243;]100 opheto[\/vc_custom_heading][vc_empty_space empty_h=&#8221;5&#8243; medium_visibility=&#8221;yes&#8221; mobile_visibility=&#8221;yes&#8221;][vc_empty_space empty_h=&#8221;3&#8243; desktop_visibility=&#8221;yes&#8221; mobile_visibility=&#8221;yes&#8221;][\/vc_column][vc_column column_width_percent=&#8221;100&#8243; gutter_size=&#8221;3&#8243; override_padding=&#8221;yes&#8221; column_padding=&#8221;0&#8243; expand_height=&#8221;yes&#8221; back_image=&#8221;942&#8243; back_position=&#8221;left bottom&#8221; overlay_alpha=&#8221;50&#8243; shift_x=&#8221;0&#8243; shift_y=&#8221;0&#8243; shift_y_down=&#8221;0&#8243; z_index=&#8221;0&#8243; medium_width=&#8221;0&#8243; mobile_width=&#8221;0&#8243; width=&#8221;7\/12&#8243; el_class=&#8221;inverted-device-order&#8221; uncode_shortcode_id=&#8221;122414&#8243; mobile_height=&#8221;300&#8243;][vc_empty_space][vc_empty_space empty_h=&#8221;5&#8243; desktop_visibility=&#8221;yes&#8221; mobile_visibility=&#8221;yes&#8221;][vc_empty_space empty_h=&#8221;5&#8243; desktop_visibility=&#8221;yes&#8221; mobile_visibility=&#8221;yes&#8221;][\/vc_column][\/vc_row][vc_row row_height_percent=&#8221;0&#8243; overlay_alpha=&#8221;50&#8243; gutter_size=&#8221;3&#8243; column_width_percent=&#8221;100&#8243; shift_y=&#8221;0&#8243; z_index=&#8221;0&#8243; desktop_visibility=&#8221;yes&#8221; medium_visibility=&#8221;yes&#8221; mobile_visibility=&#8221;yes&#8221; uncode_shortcode_id=&#8221;167170&#8243;][vc_column width=&#8221;1\/1&#8243;][uncode_index el_id=&#8221;index-202954&#8243; loop=&#8221;size:10|order_by:rand|post_type:post|taxonomy_count:10&#8243; screen_lg=&#8221;1000&#8243; screen_md=&#8221;600&#8243; screen_sm=&#8221;480&#8243; gutter_size=&#8221;3&#8243; post_items=&#8221;media|featured|onpost|original&#8221; single_width=&#8221;3&#8243; single_overlay_opacity=&#8221;50&#8243; single_overlay_anim=&#8221;no&#8221; single_padding=&#8221;2&#8243; single_border=&#8221;yes&#8221; custom_order=&#8221;yes&#8221; no_double_tap=&#8221;yes&#8221; uncode_shortcode_id=&#8221;128599&#8243; items=&#8221;eyIyNDVfaSI6eyJzaW5nbGVfd2lkdGgiOiI1In0sIjE3NF9pIjp7InNpbmdsZV93aWR0aCI6IjYifSwiMTU3X2kiOnsic2luZ2xlX3dpZHRoIjoiNyJ9LCIxNTFfaSI6eyJzaW5nbGVfd2lkdGgiOiI2In0sIjIzN19pIjp7InNpbmdsZV93aWR0aCI6IjIifSwiMjMzX2kiOnsic2luZ2xlX3dpZHRoIjoiMiJ9LCIxMzlfaSI6eyJzaW5nbGVfd2lkdGgiOiIyIn0sIjgwX2kiOnsic2luZ2xlX3dpZHRoIjoiMiJ9LCIyMjJfaSI6eyJzaW5nbGVfd2lkdGgiOiIyIn0sIjE2Nl9pIjp7InNpbmdsZV93aWR0aCI6IjIifX0=&#8221; order_ids=&#8221;174,237,139,233,151,222,80,166,245,157&#8243;][\/vc_column][\/vc_row][vc_row row_height_percent=&#8221;75&#8243; override_padding=&#8221;yes&#8221; h_padding=&#8221;4&#8243; top_padding=&#8221;5&#8243; bottom_padding=&#8221;5&#8243; back_color=&#8221;color-wayh&#8221; overlay_alpha=&#8221;31&#8243; equal_height=&#8221;yes&#8221; gutter_size=&#8221;6&#8243; column_width_percent=&#8221;100&#8243; shift_y=&#8221;0&#8243; z_index=&#8221;0&#8243; content_parallax=&#8221;0&#8243; uncode_shortcode_id=&#8221;105503&#8243; back_color_type=&#8221;uncode-palette&#8221; row_name=&#8221;workshops&#8221;][vc_column column_width_percent=&#8221;100&#8243; position_vertical=&#8221;middle&#8221; gutter_size=&#8221;3&#8243; style=&#8221;dark&#8221; overlay_alpha=&#8221;50&#8243; shift_x=&#8221;0&#8243; shift_y=&#8221;0&#8243; shift_y_down=&#8221;0&#8243; z_index=&#8221;0&#8243; medium_width=&#8221;0&#8243; mobile_width=&#8221;0&#8243; width=&#8221;1\/2&#8243; uncode_shortcode_id=&#8221;149624&#8243;][vc_custom_heading text_size=&#8221;h3&#8243; uncode_shortcode_id=&#8221;209738&#8243; text_color_type=&#8221;uncode-palette&#8221; text_color_solid=&#8221;#ff0000&#8243; subheading=&#8221;Nos a kolekt\u00e1 e ophetonan aki invitando personanan pa asist\u00ed na un seri di seis workshop na Museo di K\u00f2rsou den mart i april 2022. Durante e workshop, partisipantenan tabata kompart\u00ed nan ophetonan i e historia ku tin tras di e ophetonan aki. Loke a resalt\u00e1 serka nos ta ku niun di e kombersashonnan no a kaba den diskushon \u00f2f desakuerdo tokante kiko tabata b\u00e8rdat of kua opinion tabatin mas balor. E kombersashonan tabata bai tokante bida di hendenan den pasado i presente. Kada un di e partisipantenan tabatin su propio bista partikular pero e tabata algu interesante i inspirativo, no algu problem\u00e1tiko \u00f2f kontroversial.<\/p>\n<p>Nos a hasi nos b\u00e8st pa present\u00e1 e ophetonan den e esfera aki. Nan no ta represent\u00e1 un berdat so ni nan no ta eksklu\u00ed diferente perspektiva. Nos ta konsider\u00e1 historia komo un fenomeno ku tin varios forma, un kombinashon di ritmo ku no mester wordu kont\u00e1 pa un solo bos.&#8221;]Workshopnan[\/vc_custom_heading][\/vc_column][vc_column column_width_percent=&#8221;100&#8243; gutter_size=&#8221;3&#8243; overlay_alpha=&#8221;50&#8243; shift_x=&#8221;0&#8243; shift_y=&#8221;0&#8243; shift_y_down=&#8221;0&#8243; z_index=&#8221;0&#8243; medium_visibility=&#8221;yes&#8221; medium_width=&#8221;0&#8243; mobile_visibility=&#8221;yes&#8221; mobile_width=&#8221;0&#8243; width=&#8221;1\/2&#8243; uncode_shortcode_id=&#8221;154089&#8243;][vc_single_image media=&#8221;2271&#8243; media_width_percent=&#8221;100&#8243; uncode_shortcode_id=&#8221;957164&#8243;][\/vc_column][\/vc_row][vc_row row_height_percent=&#8221;0&#8243; override_padding=&#8221;yes&#8221; h_padding=&#8221;3&#8243; top_padding=&#8221;4&#8243; bottom_padding=&#8221;4&#8243; overlay_alpha=&#8221;50&#8243; gutter_size=&#8221;3&#8243; column_width_percent=&#8221;100&#8243; shift_y=&#8221;0&#8243; z_index=&#8221;0&#8243; uncode_shortcode_id=&#8221;160627&#8243;][vc_column column_width_percent=&#8221;100&#8243; align_horizontal=&#8221;align_center&#8221; gutter_size=&#8221;5&#8243; overlay_alpha=&#8221;50&#8243; shift_x=&#8221;0&#8243; shift_y=&#8221;0&#8243; shift_y_down=&#8221;0&#8243; z_index=&#8221;0&#8243; medium_width=&#8221;0&#8243; mobile_width=&#8221;0&#8243; width=&#8221;1\/1&#8243; uncode_shortcode_id=&#8221;943790&#8243;][vc_custom_heading uncode_shortcode_id=&#8221;395903&#8243;]Sera konos\u00ed ku e ophetonan[\/vc_custom_heading][uncode_index el_id=&#8221;index-158432&#8243; loop=&#8221;size:12|order_by:rand|post_type:post,object|taxonomy_count:10&#8243; screen_lg=&#8221;1000&#8243; screen_md=&#8221;600&#8243; screen_sm=&#8221;200&#8243; gutter_size=&#8221;3&#8243; post_items=&#8221;media|featured|onpost|original&#8221; object_items=&#8221;media|featured|onpost|original&#8221; single_width=&#8221;2&#8243; images_size=&#8221;one-one&#8221; single_overlay_opacity=&#8221;50&#8243; single_overlay_anim=&#8221;no&#8221; single_text_anim=&#8221;no&#8221; single_padding=&#8221;2&#8243; single_border=&#8221;yes&#8221; no_double_tap=&#8221;yes&#8221; uncode_shortcode_id=&#8221;154854&#8243;][vc_button button_color=&#8221;color-nhtu&#8221; radius=&#8221;btn-circle&#8221; border_width=&#8221;0&#8243; scale_mobile=&#8221;no&#8221; link=&#8221;url:https%3A%2F%2F100opheto.org%2Fpap%2Fobjects%2F|title:Ophetonan|&#8221; button_color_type=&#8221;uncode-palette&#8221; icon=&#8221;fa fa-th&#8221; uncode_shortcode_id=&#8221;369418&#8243;]Deskubri e 100 ophetonan[\/vc_button][\/vc_column][\/vc_row][vc_row row_height_percent=&#8221;70&#8243; back_image=&#8221;867&#8243; overlay_alpha=&#8221;50&#8243; equal_height=&#8221;yes&#8221; gutter_size=&#8221;4&#8243; column_width_percent=&#8221;100&#8243; shift_y=&#8221;0&#8243; z_index=&#8221;0&#8243; uncode_shortcode_id=&#8221;302278&#8243;][vc_column column_width_percent=&#8221;100&#8243; gutter_size=&#8221;3&#8243; overlay_alpha=&#8221;50&#8243; shift_x=&#8221;0&#8243; shift_y=&#8221;0&#8243; shift_y_down=&#8221;0&#8243; z_index=&#8221;0&#8243; medium_width=&#8221;0&#8243; mobile_width=&#8221;0&#8243; width=&#8221;1\/1&#8243; uncode_shortcode_id=&#8221;546153&#8243; mobile_height=&#8221;300&#8243;][\/vc_column][\/vc_row][vc_row row_height_percent=&#8221;0&#8243; override_padding=&#8221;yes&#8221; h_padding=&#8221;4&#8243; top_padding=&#8221;3&#8243; bottom_padding=&#8221;3&#8243; overlay_alpha=&#8221;50&#8243; gutter_size=&#8221;3&#8243; column_width_percent=&#8221;100&#8243; shift_y=&#8221;0&#8243; z_index=&#8221;0&#8243; content_parallax=&#8221;0&#8243; uncode_shortcode_id=&#8221;583268&#8243;][vc_column column_width_percent=&#8221;100&#8243; gutter_size=&#8221;3&#8243; overlay_alpha=&#8221;50&#8243; shift_x=&#8221;0&#8243; shift_y=&#8221;0&#8243; shift_y_down=&#8221;0&#8243; z_index=&#8221;0&#8243; medium_width=&#8221;0&#8243; mobile_width=&#8221;0&#8243; width=&#8221;1\/2&#8243; uncode_shortcode_id=&#8221;945802&#8243;][vc_custom_heading text_size=&#8221;h4&#8243; uncode_shortcode_id=&#8221;185982&#8243; text_color_type=&#8221;uncode-palette&#8221; text_color_solid=&#8221;#ff0000&#8243; subheading=&#8221;Loke nos ke logra ku 100 Opheto ta un komb\u00e8rsashon anim\u00e1 tokante K\u00f2rsou su historia pero for di un perspektiva ku ta kumins\u00e1 di abou bai ariba. Pa a\u00f1os a ignor\u00e1 hopi di K\u00f2rsou su historia dor di e desigualdat di poder \u00f2f rikesa. Maske ta mustra manera ku tempu ta kambiando, nos ta kere ku ainda tin hopi mas pa deskubr\u00ed den e pasado skond\u00ed.<\/p>\n<p>Ta nos intenshon pa ekspand\u00e9 e proyekto di 100 Opheto paf\u00f3 di K\u00f2rsou di manera ku por traha un fuente riku di historia i opheto riba un eskala karibense \u00f2f kisas te asta riba un eskala mundial. Si bo por konta nos historianan ku nos no a yega di tende ainda \u00f2f trese ophetonan partikular pa nos, \u00f2f si bo ta kere bo por a\u00f1ad\u00ed algu na un di nos futuro proyektonan, por fabor tuma kontakto ku nos.&#8221;]Un trabou kontinuo[\/vc_custom_heading][\/vc_column][vc_column width=&#8221;1\/2&#8243;][vc_custom_heading text_size=&#8221;h4&#8243; uncode_shortcode_id=&#8221;102579&#8243; text_color_type=&#8221;uncode-palette&#8221; text_color_solid=&#8221;#ff0000&#8243; subheading=&#8221;E partisipantenan di e workshopnan tabata nos prinsipal fuentenan hist\u00f3riko. Si nos tabatin mester di mas informashon nos tabata puntranan pa konta nos mas tokante nan opheto ora e workshop a kaba. Den mayoria kaso nos a a\u00f1adi konteksto pa pone kada opheto den un tempu i lug\u00e1.<br \/>\nPa esaki nos ta kontentu di por a konta ku institushonnan manera NAAM i Archivo Nashonal di K\u00f2rsou. Nan ta pone hopi informashon konfiabel na alkanse di p\u00fabliko. Nos a hasi uso di bukinan spesifiko manera e tremendo buki titul\u00e1 \u201cDe vergeten monumenten van Cura\u00e7ao\u201d (Arnhem, 2014) di Ruben La Cruz i Karolien Helweg ku ta papia tokante \u201ce kas di palu fur\u00e1 ku bleki\u201d i hopi otro publikashon balioso tokante e partinan menos konos\u00ed di K\u00f2rsou su historia.&#8221;]Fuentenan[\/vc_custom_heading][\/vc_column][\/vc_row]<\/p>\n<\/div>","protected":false},"excerpt":{"rendered":"<p>[vc_row row_height_percent=&#8221;0&#8243; override_padding=&#8221;yes&#8221; h_padding=&#8221;0&#8243; top_padding=&#8221;0&#8243; bottom_padding=&#8221;2&#8243; overlay_alpha=&#8221;50&#8243; gutter_size=&#8221;3&#8243; column_width_percent=&#8221;100&#8243; shift_y=&#8221;0&#8243; z_index=&#8221;0&#8243; inverted_device_order=&#8221;yes&#8221; el_class=&#8221;inverted-device-order&#8221; uncode_shortcode_id=&#8221;123498&#8243; row_name=&#8221;about&#8221;][vc_column column_width_use_pixel=&#8221;yes&#8221; position_vertical=&#8221;middle&#8221; gutter_size=&#8221;3&#8243; override_padding=&#8221;yes&#8221; column_padding=&#8221;2&#8243; [&hellip;]<\/p>\n","protected":false},"author":1,"featured_media":1331,"parent":0,"menu_order":0,"comment_status":"closed","ping_status":"closed","template":"","meta":{"_acf_changed":false,"footnotes":""},"class_list":["post-1460","page","type-page","status-publish","has-post-thumbnail","hentry"],"acf":[],"yoast_head":"<!-- This site is optimized with the Yoast SEO plugin v27.1.1 - https:\/\/yoast.com\/product\/yoast-seo-wordpress\/ -->\n<title>100OPHETO - Un historia di K\u00f2rsou<\/title>\n<meta name=\"description\" content=\"100 OPHETO explores the relationship between objects and people on Cura\u00e7ao and how this relationship has determined our history.\" \/>\n<meta name=\"robots\" content=\"index, follow, max-snippet:-1, max-image-preview:large, max-video-preview:-1\" \/>\n<link rel=\"canonical\" href=\"https:\/\/100opheto.org\/pap\/\" \/>\n<meta property=\"og:locale\" content=\"en_US\" \/>\n<meta property=\"og:type\" content=\"article\" \/>\n<meta property=\"og:title\" content=\"100OPHETO - Un historia di K\u00f2rsou\" \/>\n<meta property=\"og:description\" content=\"100 OPHETO explores the relationship between objects and people on Cura\u00e7ao and how this relationship has determined our history.\" \/>\n<meta property=\"og:url\" content=\"https:\/\/100opheto.org\/pap\/\" \/>\n<meta property=\"og:site_name\" content=\"100OPHETO\" \/>\n<meta property=\"article:modified_time\" content=\"2025-07-09T14:30:15+00:00\" \/>\n<meta property=\"og:image\" content=\"https:\/\/100opheto.org\/wp-content\/uploads\/2022\/09\/Screenshot-2022-09-24.jpg\" \/>\n\t<meta property=\"og:image:width\" content=\"800\" \/>\n\t<meta property=\"og:image:height\" content=\"424\" \/>\n\t<meta property=\"og:image:type\" content=\"image\/jpeg\" \/>\n<meta name=\"twitter:card\" content=\"summary_large_image\" \/>\n<meta name=\"twitter:label1\" content=\"Est. reading time\" \/>\n\t<meta name=\"twitter:data1\" content=\"4 minutes\" \/>\n<script type=\"application\/ld+json\" class=\"yoast-schema-graph\">{\"@context\":\"https:\/\/schema.org\",\"@graph\":[{\"@type\":\"WebPage\",\"@id\":\"https:\/\/100opheto.org\/pap\/\",\"url\":\"https:\/\/100opheto.org\/pap\/\",\"name\":\"100OPHETO - Un historia di K\u00f2rsou\",\"isPartOf\":{\"@id\":\"https:\/\/100opheto.org\/pap\/#website\"},\"primaryImageOfPage\":{\"@id\":\"https:\/\/100opheto.org\/pap\/#primaryimage\"},\"image\":{\"@id\":\"https:\/\/100opheto.org\/pap\/#primaryimage\"},\"thumbnailUrl\":\"https:\/\/100opheto.org\/wp-content\/uploads\/2022\/09\/Screenshot-2022-09-24.jpg\",\"datePublished\":\"2022-09-20T13:02:31+00:00\",\"dateModified\":\"2025-07-09T14:30:15+00:00\",\"description\":\"100 OPHETO explores the relationship between objects and people on Cura\u00e7ao and how this relationship has determined our history.\",\"inLanguage\":\"pap-PAP\",\"potentialAction\":[{\"@type\":\"ReadAction\",\"target\":[\"https:\/\/100opheto.org\/pap\/\"]}]},{\"@type\":\"ImageObject\",\"inLanguage\":\"pap-PAP\",\"@id\":\"https:\/\/100opheto.org\/pap\/#primaryimage\",\"url\":\"https:\/\/100opheto.org\/wp-content\/uploads\/2022\/09\/Screenshot-2022-09-24.jpg\",\"contentUrl\":\"https:\/\/100opheto.org\/wp-content\/uploads\/2022\/09\/Screenshot-2022-09-24.jpg\",\"width\":800,\"height\":424},{\"@type\":\"WebSite\",\"@id\":\"https:\/\/100opheto.org\/pap\/#website\",\"url\":\"https:\/\/100opheto.org\/pap\/\",\"name\":\"100OPHETO\",\"description\":\"Un historia di K\u00f2rsou\",\"potentialAction\":[{\"@type\":\"SearchAction\",\"target\":{\"@type\":\"EntryPoint\",\"urlTemplate\":\"https:\/\/100opheto.org\/pap\/?s={search_term_string}\"},\"query-input\":{\"@type\":\"PropertyValueSpecification\",\"valueRequired\":true,\"valueName\":\"search_term_string\"}}],\"inLanguage\":\"pap-PAP\"}]}<\/script>\n<!-- \/ Yoast SEO plugin. -->","yoast_head_json":{"title":"100OPHETO - Un historia di K\u00f2rsou","description":"100 OPHETO explores the relationship between objects and people on Cura\u00e7ao and how this relationship has determined our history.","robots":{"index":"index","follow":"follow","max-snippet":"max-snippet:-1","max-image-preview":"max-image-preview:large","max-video-preview":"max-video-preview:-1"},"canonical":"https:\/\/100opheto.org\/pap\/","og_locale":"en_US","og_type":"article","og_title":"100OPHETO - Un historia di K\u00f2rsou","og_description":"100 OPHETO explores the relationship between objects and people on Cura\u00e7ao and how this relationship has determined our history.","og_url":"https:\/\/100opheto.org\/pap\/","og_site_name":"100OPHETO","article_modified_time":"2025-07-09T14:30:15+00:00","og_image":[{"width":800,"height":424,"url":"https:\/\/100opheto.org\/wp-content\/uploads\/2022\/09\/Screenshot-2022-09-24.jpg","type":"image\/jpeg"}],"twitter_card":"summary_large_image","twitter_misc":{"Est. reading time":"4 minutes"},"schema":{"@context":"https:\/\/schema.org","@graph":[{"@type":"WebPage","@id":"https:\/\/100opheto.org\/pap\/","url":"https:\/\/100opheto.org\/pap\/","name":"100OPHETO - Un historia di K\u00f2rsou","isPartOf":{"@id":"https:\/\/100opheto.org\/pap\/#website"},"primaryImageOfPage":{"@id":"https:\/\/100opheto.org\/pap\/#primaryimage"},"image":{"@id":"https:\/\/100opheto.org\/pap\/#primaryimage"},"thumbnailUrl":"https:\/\/100opheto.org\/wp-content\/uploads\/2022\/09\/Screenshot-2022-09-24.jpg","datePublished":"2022-09-20T13:02:31+00:00","dateModified":"2025-07-09T14:30:15+00:00","description":"100 OPHETO explores the relationship between objects and people on Cura\u00e7ao and how this relationship has determined our history.","inLanguage":"pap-PAP","potentialAction":[{"@type":"ReadAction","target":["https:\/\/100opheto.org\/pap\/"]}]},{"@type":"ImageObject","inLanguage":"pap-PAP","@id":"https:\/\/100opheto.org\/pap\/#primaryimage","url":"https:\/\/100opheto.org\/wp-content\/uploads\/2022\/09\/Screenshot-2022-09-24.jpg","contentUrl":"https:\/\/100opheto.org\/wp-content\/uploads\/2022\/09\/Screenshot-2022-09-24.jpg","width":800,"height":424},{"@type":"WebSite","@id":"https:\/\/100opheto.org\/pap\/#website","url":"https:\/\/100opheto.org\/pap\/","name":"100OPHETO","description":"Un historia di K\u00f2rsou","potentialAction":[{"@type":"SearchAction","target":{"@type":"EntryPoint","urlTemplate":"https:\/\/100opheto.org\/pap\/?s={search_term_string}"},"query-input":{"@type":"PropertyValueSpecification","valueRequired":true,"valueName":"search_term_string"}}],"inLanguage":"pap-PAP"}]}},"_links":{"self":[{"href":"https:\/\/100opheto.org\/pap\/wp-json\/wp\/v2\/pages\/1460","targetHints":{"allow":["GET"]}}],"collection":[{"href":"https:\/\/100opheto.org\/pap\/wp-json\/wp\/v2\/pages"}],"about":[{"href":"https:\/\/100opheto.org\/pap\/wp-json\/wp\/v2\/types\/page"}],"author":[{"embeddable":true,"href":"https:\/\/100opheto.org\/pap\/wp-json\/wp\/v2\/users\/1"}],"replies":[{"embeddable":true,"href":"https:\/\/100opheto.org\/pap\/wp-json\/wp\/v2\/comments?post=1460"}],"version-history":[{"count":22,"href":"https:\/\/100opheto.org\/pap\/wp-json\/wp\/v2\/pages\/1460\/revisions"}],"predecessor-version":[{"id":2284,"href":"https:\/\/100opheto.org\/pap\/wp-json\/wp\/v2\/pages\/1460\/revisions\/2284"}],"wp:featuredmedia":[{"embeddable":true,"href":"https:\/\/100opheto.org\/pap\/wp-json\/wp\/v2\/media\/1331"}],"wp:attachment":[{"href":"https:\/\/100opheto.org\/pap\/wp-json\/wp\/v2\/media?parent=1460"}],"curies":[{"name":"wp","href":"https:\/\/api.w.org\/{rel}","templated":true}]}}